{"id":385,"date":"2023-05-16T12:50:14","date_gmt":"2023-05-16T10:50:14","guid":{"rendered":"https:\/\/atomic-temporary-217959181.wpcomstaging.com\/?page_id=385"},"modified":"2025-10-13T10:43:31","modified_gmt":"2025-10-13T08:43:31","slug":"imprint","status":"publish","type":"page","link":"https:\/\/infraview.net\/en\/imprint\/","title":{"rendered":"Imprint"},"content":{"rendered":"<p>[et_pb_section fb_built=&#8220;1&#8243; next_background_color=&#8220;#f7f7f7&#8243; admin_label=&#8220;Hero Section&#8220; _builder_version=&#8220;4.25.0&#8243; use_background_color_gradient=&#8220;on&#8220; background_color_gradient_stops=&#8220;rgba(10,10,10,0.79) 0%|rgba(0,0,0,0.69) 100%&#8220; background_color_gradient_overlays_image=&#8220;on&#8220; background_color_gradient_start=&#8220;rgba(0,0,0,0.4)&#8220; background_color_gradient_end=&#8220;rgba(0,0,0,0.4)&#8220; background_image=&#8220;<a href=\"https:\/\/infraview.net\/wp-content\/uploads\/2024\/04\/75006-db237013.jpg&#038;#8220\">https:\/\/infraview.net\/wp-content\/uploads\/2024\/04\/75006-db237013.jpg&#038;#8220<\/a>; background_position=&#8220;center_right&#8220; custom_padding=&#8220;10%||8.4%|||&#8220; bottom_divider_style=&#8220;ramp2&#8243; bottom_divider_height=&#8220;250px&#8220; bottom_divider_flip=&#8220;horizontal&#8220; da_disable_devices=&#8220;off|off|off&#8220; global_colors_info=&#8220;{}&#8220; background_color_gradient_direction__hover=&#8220;180deg&#8220; background_color_gradient_direction__hover_enabled=&#8220;180deg&#8220; background_color_gradient_start_position__hover=&#8220;0%&#8220; background_color_gradient_start_position__hover_enabled=&#8220;0%&#8220; background_color_gradient_end_position__hover=&#8220;100%&#8220; background_color_gradient_end_position__hover_enabled=&#8220;100%&#8220; background_color_gradient_stops__hover=&#8220;rgba(0,0,0,0.4) 0%|rgba(0,0,0,0.4) 100%&#8220; da_is_popup=&#8220;off&#8220; da_exit_intent=&#8220;off&#8220; da_has_close=&#8220;on&#8220; da_alt_close=&#8220;off&#8220; da_dark_close=&#8220;off&#8220; da_not_modal=&#8220;on&#8220; da_is_singular=&#8220;off&#8220; da_with_loader=&#8220;off&#8220; da_has_shadow=&#8220;on&#8220;][et_pb_row _builder_version=&#8220;4.16&#8243; global_colors_info=&#8220;{}&#8220;][et_pb_column type=&#8220;4_4&#8243; _builder_version=&#8220;4.16&#8243; custom_padding=&#8220;|||&#8220; global_colors_info=&#8220;{}&#8220; custom_padding__hover=&#8220;|||&#8220;][et_pb_text content_tablet=&#8220;<\/p>\n<h3>Infraview GMBH<\/h3>\n<p>&#8220; content_phone=&#8220;<\/p>\n<h3>Infraview GMBH<\/h3>\n<p>&#8220; content_last_edited=&#8220;on|desktop&#8220; _builder_version=&#8220;4.25.0&#8243; _module_preset=&#8220;3def5301-ef93-40e6-9c97-9bc618dfb573&#8243; global_colors_info=&#8220;{}&#8220;]<\/p>\n<h3>Infraview GMBH<\/h3>\n<p>[\/et_pb_text][et_pb_text content_tablet=&#8220;<\/p>\n<h3><\/h3>\n<h1>Impressum<\/h1>\n<p>&#8220; content_phone=&#8220;<\/p>\n<h3><\/h3>\n<h1>Impressum<\/h1>\n<p>&#8220; content_last_edited=&#8220;on|desktop&#8220; _builder_version=&#8220;4.25.0&#8243; _module_preset=&#8220;3f2517cf-f68b-4bfd-a1b5-5a3e31bb1b6d&#8220; global_colors_info=&#8220;{}&#8220;]<\/p>\n<h3><\/h3>\n<h1>Impressum<\/h1>\n<p>[\/et_pb_text][et_pb_text _builder_version=&#8220;4.25.0&#8243; _module_preset=&#8220;f0cdc747-017f-43fb-9b4e-3db8078690aa&#8220; custom_padding=&#8220;1px|||||&#8220; inline_fonts=&#8220;Abel&#8220; global_colors_info=&#8220;{}&#8220;]<\/p>\n<p>ein Unternehmen der Deutschen Bahn AG<\/p>\n<p>[\/et_pb_text][et_pb_button button_url=&#8220;mailto:sales@infraview.net&#8220; button_text=&#8220;Kontaktieren Sie uns&#8220; button_alignment=&#8220;center&#8220; button_text_tablet=&#8220;Kontaktieren Sie uns&#8220; button_text_phone=&#8220;Kontakt&#8220; button_text_last_edited=&#8220;on|phone&#8220; _builder_version=&#8220;4.25.0&#8243; _module_preset=&#8220;5a1144a3-5c70-42e5-b145-cbbfe2bdd6b2&#8243; button_bg_color_last_edited=&#8220;off|desktop&#8220; button_letter_spacing_hover=&#8220;5.5px&#8220; locked=&#8220;off&#8220; global_colors_info=&#8220;{}&#8220; button_text_size__hover_enabled=&#8220;off&#8220; button_one_text_size__hover_enabled=&#8220;off&#8220; button_two_text_size__hover_enabled=&#8220;off&#8220; button_text_color__hover_enabled=&#8220;off&#8220; button_one_text_color__hover_enabled=&#8220;off&#8220; button_two_text_color__hover_enabled=&#8220;off&#8220; button_border_width__hover_enabled=&#8220;off&#8220; button_one_border_width__hover_enabled=&#8220;off&#8220; button_two_border_width__hover_enabled=&#8220;off&#8220; button_border_color__hover_enabled=&#8220;off&#8220; button_one_border_color__hover_enabled=&#8220;off&#8220; button_two_border_color__hover_enabled=&#8220;off&#8220; button_border_radius__hover_enabled=&#8220;off&#8220; button_one_border_radius__hover_enabled=&#8220;off&#8220; button_two_border_radius__hover_enabled=&#8220;off&#8220; button_one_letter_spacing__hover_enabled=&#8220;off&#8220; button_two_letter_spacing__hover_enabled=&#8220;off&#8220; button_one_bg_color__hover_enabled=&#8220;off&#8220; button_two_bg_color__hover_enabled=&#8220;off&#8220;][\/et_pb_button][\/et_pb_column][\/et_pb_row][\/et_pb_section][et_pb_section fb_built=&#8220;1&#8243; admin_label=&#8220;About Section&#8220; _builder_version=&#8220;4.16&#8243; background_color=&#8220;#f7f7f7&#8243; custom_padding=&#8220;90px||90px|&#8220; da_disable_devices=&#8220;off|off|off&#8220; global_colors_info=&#8220;{}&#8220; da_is_popup=&#8220;off&#8220; da_exit_intent=&#8220;off&#8220; da_has_close=&#8220;on&#8220; da_alt_close=&#8220;off&#8220; da_dark_close=&#8220;off&#8220; da_not_modal=&#8220;on&#8220; da_is_singular=&#8220;off&#8220; da_with_loader=&#8220;off&#8220; da_has_shadow=&#8220;on&#8220;][et_pb_row column_structure=&#8220;1_2,1_2&#8243; admin_label=&#8220;Section Title&#8220; _builder_version=&#8220;4.16&#8243; custom_margin=&#8220;|||&#8220; custom_padding=&#8220;27px|0px|27px|0px&#8220; locked=&#8220;off&#8220; global_colors_info=&#8220;{}&#8220;][et_pb_column type=&#8220;1_2&#8243; _builder_version=&#8220;4.16&#8243; custom_padding=&#8220;|||&#8220; global_colors_info=&#8220;{}&#8220; custom_padding__hover=&#8220;|||&#8220;][et_pb_text admin_label=&#8220;Title&#8220; _builder_version=&#8220;4.25.0&#8243; _module_preset=&#8220;4dcb5670-49ff-486b-991e-b187a57d9450&#8243; header_2_font=&#8220;Montserrat|600||on|||||&#8220; header_2_text_align=&#8220;center&#8220; header_2_font_size=&#8220;30px&#8220; custom_margin=&#8220;||5px|&#8220; animation_style=&#8220;slide&#8220; animation_direction=&#8220;top&#8220; animation_intensity_slide=&#8220;20%&#8220; animation_starting_opacity=&#8220;100%&#8220; global_colors_info=&#8220;{}&#8220;]<\/p>\n<h1 class=\"font-desktop-section-title\">infraView GmbH<\/h1>\n<p>[\/et_pb_text][et_pb_divider show_divider=&#8220;off&#8220; _builder_version=&#8220;4.16&#8243; max_width=&#8220;23px&#8220; module_alignment=&#8220;center&#8220; animation_style=&#8220;slide&#8220; animation_direction=&#8220;top&#8220; animation_intensity_slide=&#8220;20%&#8220; animation_starting_opacity=&#8220;100%&#8220; global_colors_info=&#8220;{}&#8220;][\/et_pb_divider][et_pb_text admin_label=&#8220;Title&#8220; _builder_version=&#8220;4.25.0&#8243; _module_preset=&#8220;bdff70c7-b563-42fb-a037-8b35e0a84ad5&#8243; text_font=&#8220;Montserrat|300|||||||&#8220; text_text_color=&#8220;#878787&#8243; text_font_size=&#8220;25px&#8220; text_line_height=&#8220;1.8em&#8220; link_font=&#8220;||||on|||#f46624|&#8220; link_text_color=&#8220;#333333&#8243; header_font=&#8220;||||||||&#8220; header_2_font=&#8220;Montserrat|600||on|||||&#8220; header_2_text_align=&#8220;center&#8220; header_2_font_size=&#8220;30px&#8220; header_5_line_height=&#8220;1.4em&#8220; text_orientation=&#8220;center&#8220; max_width=&#8220;1000%&#8220; module_alignment=&#8220;center&#8220; custom_margin=&#8220;||40px|50px||&#8220; animation_direction=&#8220;top&#8220; hover_enabled=&#8220;0&#8243; global_colors_info=&#8220;{}&#8220; custom_padding=&#8220;||1px|||&#8220; sticky_enabled=&#8220;0&#8243;]<\/p>\n<h5 class=\"font-desktop-body-text\" style=\"text-align: left;\">Parcusstra\u00dfe 8<br \/>55116 Mainz, Deutschland<br \/>Telefon +49 (6131) 62483 50<br \/>info@infraview.net<\/h5>\n<h5 class=\"font-desktop-body-text\" style=\"text-align: left;\">Gesch\u00e4ftsf\u00fchrer: Simon Giovanazzi, Jan Klemp<br \/>Registergericht: Amtsgericht Mainz<br \/>Registernummer: HRB 43000<br \/>Steuer Nr. : 26\/658\/02829<br \/>USt.-Id: DE237398124<br \/>DUNS: 332755896<\/h5>\n<h5 class=\"font-desktop-body-text\" style=\"text-align: left;\">Inhaltlich Verantwortlicher gem\u00e4\u00df \u00a76 MDStV und im Sinne des Presserechts: Jan Klemp (s.o.)<\/h5>\n<p>[\/et_pb_text][\/et_pb_column][et_pb_column type=&#8220;1_2&#8243; _builder_version=&#8220;4.16&#8243; custom_padding=&#8220;|||&#8220; global_colors_info=&#8220;{}&#8220; custom_padding__hover=&#8220;|||&#8220;][et_pb_image src=&#8220;<a href=\"https:\/\/infraview.net\/wp-content\/uploads\/2024\/04\/2f226-din-en-iso-9001_de_regular-rgb.png&#038;#8220\">https:\/\/infraview.net\/wp-content\/uploads\/2024\/04\/2f226-din-en-iso-9001_de_regular-rgb.png&#038;#8220<\/a>; title_text=&#8220;DIN-EN-ISO-9001_de_regular-RGB&#8220; disabled_on=&#8220;on|on|on&#8220; _builder_version=&#8220;4.22.1&#8243; _module_preset=&#8220;default&#8220; disabled=&#8220;on&#8220; global_colors_info=&#8220;{}&#8220;][\/et_pb_image][\/et_pb_column][\/et_pb_row][\/et_pb_section]<\/p>\n","protected":false},"excerpt":{"rendered":"<p>Infraview GMBH Imprinta company of Deutsche Bahn AGinfraView GmbHParcusstra\u00dfe 855116 Mainz, GermanyPhone +49 (6131) 62483 50info@infraview.net Managing Directors: Simon Giovanazzi, Jan KlempRegister court: Local court MainzRegister number: HRB 43000Tax no. : 26\/658\/02829USt.-Id: DE237398124DUNS: 332755896 Responsible for content according to \u00a76 MDStV and in terms of press law: Jan Klemp (see above)<\/p>","protected":false},"author":234585250,"featured_media":0,"parent":0,"menu_order":0,"comment_status":"closed","ping_status":"closed","template":"","meta":{"_et_pb_use_builder":"on","_et_pb_old_content":"[et_pb_section fb_built=\"1\" theme_builder_area=\"post_content\" _builder_version=\"4.20.4\" _module_preset=\"default\"][\/et_pb_section]","_et_gb_content_width":"","content-type":"","inline_featured_image":false,"jetpack_post_was_ever_published":false,"footnotes":""},"class_list":["post-385","page","type-page","status-publish","hentry"],"yoast_head":"<!-- This site is optimized with the Yoast SEO plugin v27.3 - https:\/\/yoast.com\/product\/yoast-seo-wordpress\/ -->\n<title>Impressum - infraView GmbH<\/title>\n<meta name=\"robots\" content=\"index, follow, max-snippet:-1, max-image-preview:large, max-video-preview:-1\" \/>\n<link rel=\"canonical\" href=\"https:\/\/infraview.net\/en\/imprint\/\" \/>\n<meta property=\"og:locale\" content=\"en_US\" \/>\n<meta property=\"og:type\" content=\"article\" \/>\n<meta property=\"og:title\" content=\"Impressum - infraView GmbH\" \/>\n<meta property=\"og:description\" content=\"Infraview GMBH Impressumein Unternehmen der Deutschen Bahn AGinfraView GmbHParcusstra\u00dfe 855116 Mainz, DeutschlandTelefon +49 (6131) 62483 50info@infraview.net Gesch\u00e4ftsf\u00fchrer: Simon Giovanazzi, Jan KlempRegistergericht: Amtsgericht MainzRegisternummer: HRB 43000Steuer Nr. : 26\/658\/02829USt.-Id: DE237398124DUNS: 332755896 Inhaltlich Verantwortlicher gem\u00e4\u00df \u00a76 MDStV und im Sinne des Presserechts: Jan Klemp (s.o.)\" \/>\n<meta property=\"og:url\" content=\"https:\/\/infraview.net\/en\/imprint\/\" \/>\n<meta property=\"og:site_name\" content=\"infraView GmbH\" \/>\n<meta property=\"article:modified_time\" content=\"2025-10-13T08:43:31+00:00\" \/>\n<meta name=\"twitter:card\" content=\"summary_large_image\" \/>\n<meta name=\"twitter:label1\" content=\"Est. reading time\" \/>\n\t<meta name=\"twitter:data1\" content=\"1 minute\" \/>\n<script type=\"application\/ld+json\" class=\"yoast-schema-graph\">{\"@context\":\"https:\\\/\\\/schema.org\",\"@graph\":[{\"@type\":\"WebPage\",\"@id\":\"https:\\\/\\\/infraview.net\\\/de\\\/impressum\\\/\",\"url\":\"https:\\\/\\\/infraview.net\\\/de\\\/impressum\\\/\",\"name\":\"Impressum - infraView GmbH\",\"isPartOf\":{\"@id\":\"https:\\\/\\\/infraview.net\\\/de\\\/#website\"},\"datePublished\":\"2023-05-16T10:50:14+00:00\",\"dateModified\":\"2025-10-13T08:43:31+00:00\",\"breadcrumb\":{\"@id\":\"https:\\\/\\\/infraview.net\\\/de\\\/impressum\\\/#breadcrumb\"},\"inLanguage\":\"en-US\",\"potentialAction\":[{\"@type\":\"ReadAction\",\"target\":[\"https:\\\/\\\/infraview.net\\\/de\\\/impressum\\\/\"]}]},{\"@type\":\"BreadcrumbList\",\"@id\":\"https:\\\/\\\/infraview.net\\\/de\\\/impressum\\\/#breadcrumb\",\"itemListElement\":[{\"@type\":\"ListItem\",\"position\":1,\"name\":\"Startseite\",\"item\":\"https:\\\/\\\/infraview.net\\\/\"},{\"@type\":\"ListItem\",\"position\":2,\"name\":\"Impressum\"}]},{\"@type\":\"WebSite\",\"@id\":\"https:\\\/\\\/infraview.net\\\/de\\\/#website\",\"url\":\"https:\\\/\\\/infraview.net\\\/de\\\/\",\"name\":\"infraView GmbH\",\"description\":\"\",\"potentialAction\":[{\"@type\":\"SearchAction\",\"target\":{\"@type\":\"EntryPoint\",\"urlTemplate\":\"https:\\\/\\\/infraview.net\\\/de\\\/?s={search_term_string}\"},\"query-input\":{\"@type\":\"PropertyValueSpecification\",\"valueRequired\":true,\"valueName\":\"search_term_string\"}}],\"inLanguage\":\"en-US\"}]}<\/script>\n<!-- \/ Yoast SEO plugin. -->","yoast_head_json":{"title":"Imprint - infraView GmbH","robots":{"index":"index","follow":"follow","max-snippet":"max-snippet:-1","max-image-preview":"max-image-preview:large","max-video-preview":"max-video-preview:-1"},"canonical":"https:\/\/infraview.net\/en\/imprint\/","og_locale":"en_US","og_type":"article","og_title":"Impressum - infraView GmbH","og_description":"Infraview GMBH Impressumein Unternehmen der Deutschen Bahn AGinfraView GmbHParcusstra\u00dfe 855116 Mainz, DeutschlandTelefon +49 (6131) 62483 50info@infraview.net Gesch\u00e4ftsf\u00fchrer: Simon Giovanazzi, Jan KlempRegistergericht: Amtsgericht MainzRegisternummer: HRB 43000Steuer Nr. : 26\/658\/02829USt.-Id: DE237398124DUNS: 332755896 Inhaltlich Verantwortlicher gem\u00e4\u00df \u00a76 MDStV und im Sinne des Presserechts: Jan Klemp (s.o.)","og_url":"https:\/\/infraview.net\/en\/imprint\/","og_site_name":"infraView GmbH","article_modified_time":"2025-10-13T08:43:31+00:00","twitter_card":"summary_large_image","twitter_misc":{"Est. reading time":"1 minute"},"schema":{"@context":"https:\/\/schema.org","@graph":[{"@type":"WebPage","@id":"https:\/\/infraview.net\/de\/impressum\/","url":"https:\/\/infraview.net\/de\/impressum\/","name":"Imprint - infraView GmbH","isPartOf":{"@id":"https:\/\/infraview.net\/de\/#website"},"datePublished":"2023-05-16T10:50:14+00:00","dateModified":"2025-10-13T08:43:31+00:00","breadcrumb":{"@id":"https:\/\/infraview.net\/de\/impressum\/#breadcrumb"},"inLanguage":"en-US","potentialAction":[{"@type":"ReadAction","target":["https:\/\/infraview.net\/de\/impressum\/"]}]},{"@type":"BreadcrumbList","@id":"https:\/\/infraview.net\/de\/impressum\/#breadcrumb","itemListElement":[{"@type":"ListItem","position":1,"name":"Startseite","item":"https:\/\/infraview.net\/"},{"@type":"ListItem","position":2,"name":"Impressum"}]},{"@type":"WebSite","@id":"https:\/\/infraview.net\/de\/#website","url":"https:\/\/infraview.net\/de\/","name":"infraView GmbH","description":"","potentialAction":[{"@type":"SearchAction","target":{"@type":"EntryPoint","urlTemplate":"https:\/\/infraview.net\/de\/?s={search_term_string}"},"query-input":{"@type":"PropertyValueSpecification","valueRequired":true,"valueName":"search_term_string"}}],"inLanguage":"en-US"}]}},"jetpack_likes_enabled":true,"jetpack_sharing_enabled":true,"jetpack_shortlink":"https:\/\/wp.me\/PeKx8F-6d","jetpack-related-posts":[],"_links":{"self":[{"href":"https:\/\/infraview.net\/en\/wp-json\/wp\/v2\/pages\/385","targetHints":{"allow":["GET"]}}],"collection":[{"href":"https:\/\/infraview.net\/en\/wp-json\/wp\/v2\/pages"}],"about":[{"href":"https:\/\/infraview.net\/en\/wp-json\/wp\/v2\/types\/page"}],"author":[{"embeddable":true,"href":"https:\/\/infraview.net\/en\/wp-json\/wp\/v2\/users\/234585250"}],"replies":[{"embeddable":true,"href":"https:\/\/infraview.net\/en\/wp-json\/wp\/v2\/comments?post=385"}],"version-history":[{"count":11,"href":"https:\/\/infraview.net\/en\/wp-json\/wp\/v2\/pages\/385\/revisions"}],"predecessor-version":[{"id":9458,"href":"https:\/\/infraview.net\/en\/wp-json\/wp\/v2\/pages\/385\/revisions\/9458"}],"wp:attachment":[{"href":"https:\/\/infraview.net\/en\/wp-json\/wp\/v2\/media?parent=385"}],"curies":[{"name":"wp","href":"https:\/\/api.w.org\/{rel}","templated":true}]}}